{"id":3708,"date":"2021-03-03T15:05:32","date_gmt":"2021-03-03T13:05:32","guid":{"rendered":"https:\/\/kumex.ee\/uudised\/"},"modified":"2023-06-19T16:25:00","modified_gmt":"2023-06-19T13:25:00","slug":"uutiset","status":"publish","type":"page","link":"https:\/\/kumex.ee\/fi\/uutiset\/","title":{"rendered":"Uutiset"},"content":{"rendered":"\t\t<div data-elementor-type=\"wp-page\" data-elementor-id=\"3708\" class=\"elementor elementor-3708 elementor-355\" data-elementor-post-type=\"page\">\n\t\t\t\t\t\t<section class=\"elementor-section elementor-top-section elementor-element elementor-element-16cb125 elementor-section-full_width elementor-section-height-default elementor-section-height-default\" data-id=\"16cb125\" data-element_type=\"section\" data-e-type=\"section\">\n\t\t\t\t\t\t<div class=\"elementor-container elementor-column-gap-no\">\n\t\t\t\t\t<div class=\"elementor-column elementor-col-100 elementor-top-column elementor-element elementor-element-5687fee\" data-id=\"5687fee\" data-element_type=\"column\" data-e-type=\"column\">\n\t\t\t<div class=\"elementor-widget-wrap elementor-element-populated\">\n\t\t\t\t\t\t<div class=\"elementor-element elementor-element-301f8f2 elementor-absolute elementor-widget elementor-widget-image\" data-id=\"301f8f2\" data-element_type=\"widget\" data-e-type=\"widget\" data-settings=\"{&quot;_position&quot;:&quot;absolute&quot;}\" data-widget_type=\"image.default\">\n\t\t\t\t<div class=\"elementor-widget-container\">\n\t\t\t\t\t\t\t\t\t\t\t\t\t\t\t<img fetchpriority=\"high\" decoding=\"async\" width=\"800\" height=\"736\" src=\"https:\/\/kumex.ee\/wp-content\/uploads\/inner-right-1024x942.png\" class=\"attachment-large size-large wp-image-1580\" alt=\"\" srcset=\"https:\/\/kumex.ee\/wp-content\/uploads\/inner-right-1024x942.png 1024w, https:\/\/kumex.ee\/wp-content\/uploads\/inner-right-300x276.png 300w, https:\/\/kumex.ee\/wp-content\/uploads\/inner-right-768x707.png 768w, https:\/\/kumex.ee\/wp-content\/uploads\/inner-right.png 1153w\" sizes=\"(max-width: 800px) 100vw, 800px\" \/>\t\t\t\t\t\t\t\t\t\t\t\t\t\t\t<\/div>\n\t\t\t\t<\/div>\n\t\t\t\t\t<\/div>\n\t\t<\/div>\n\t\t\t\t\t<\/div>\n\t\t<\/section>\n\t\t\t\t<section class=\"elementor-section elementor-top-section elementor-element elementor-element-5ad90b9 elementor-section-boxed elementor-section-height-default elementor-section-height-default\" data-id=\"5ad90b9\" data-element_type=\"section\" data-e-type=\"section\">\n\t\t\t\t\t\t<div class=\"elementor-container elementor-column-gap-default\">\n\t\t\t\t\t<div class=\"elementor-column elementor-col-100 elementor-top-column elementor-element elementor-element-88eb1bb\" data-id=\"88eb1bb\" data-element_type=\"column\" data-e-type=\"column\">\n\t\t\t<div class=\"elementor-widget-wrap elementor-element-populated\">\n\t\t\t\t\t\t<div class=\"elementor-element elementor-element-42e748c elementor-widget elementor-widget-heading\" data-id=\"42e748c\" data-element_type=\"widget\" data-e-type=\"widget\" data-widget_type=\"heading.default\">\n\t\t\t\t<div class=\"elementor-widget-container\">\n\t\t\t\t\t<h3 class=\"elementor-heading-title elementor-size-default\">UUTISET JA\nTARJOUKSET<\/h3>\t\t\t\t<\/div>\n\t\t\t\t<\/div>\n\t\t\t\t\t<\/div>\n\t\t<\/div>\n\t\t\t\t\t<\/div>\n\t\t<\/section>\n\t\t\t\t<section class=\"elementor-section elementor-top-section elementor-element elementor-element-2c8e7d2 elementor-section-full_width elementor-section-height-default elementor-section-height-default\" data-id=\"2c8e7d2\" data-element_type=\"section\" data-e-type=\"section\">\n\t\t\t\t\t\t<div class=\"elementor-container elementor-column-gap-no\">\n\t\t\t\t\t<div class=\"elementor-column elementor-col-100 elementor-top-column elementor-element elementor-element-d7ff26c\" data-id=\"d7ff26c\" data-element_type=\"column\" data-e-type=\"column\">\n\t\t\t<div class=\"elementor-widget-wrap elementor-element-populated\">\n\t\t\t\t\t\t<div class=\"elementor-element elementor-element-4610d87 elementor-absolute elementor-widget elementor-widget-image\" data-id=\"4610d87\" data-element_type=\"widget\" data-e-type=\"widget\" data-settings=\"{&quot;_position&quot;:&quot;absolute&quot;}\" data-widget_type=\"image.default\">\n\t\t\t\t<div class=\"elementor-widget-container\">\n\t\t\t\t\t\t\t\t\t\t\t\t\t\t\t<img decoding=\"async\" width=\"863\" height=\"1562\" src=\"https:\/\/kumex.ee\/wp-content\/uploads\/right-ellipse.png\" class=\"attachment-full size-full wp-image-1610\" alt=\"\" srcset=\"https:\/\/kumex.ee\/wp-content\/uploads\/right-ellipse.png 863w, https:\/\/kumex.ee\/wp-content\/uploads\/right-ellipse-166x300.png 166w, https:\/\/kumex.ee\/wp-content\/uploads\/right-ellipse-566x1024.png 566w, https:\/\/kumex.ee\/wp-content\/uploads\/right-ellipse-768x1390.png 768w, https:\/\/kumex.ee\/wp-content\/uploads\/right-ellipse-849x1536.png 849w\" sizes=\"(max-width: 863px) 100vw, 863px\" \/>\t\t\t\t\t\t\t\t\t\t\t\t\t\t\t<\/div>\n\t\t\t\t<\/div>\n\t\t\t\t\t<\/div>\n\t\t<\/div>\n\t\t\t\t\t<\/div>\n\t\t<\/section>\n\t\t\t\t<section class=\"elementor-section elementor-top-section elementor-element elementor-element-3722b55 elementor-section-full_width elementor-section-height-default elementor-section-height-default\" data-id=\"3722b55\" data-element_type=\"section\" data-e-type=\"section\">\n\t\t\t\t\t\t<div class=\"elementor-container elementor-column-gap-extended\">\n\t\t\t\t\t<div class=\"elementor-column elementor-col-100 elementor-top-column elementor-element elementor-element-47edbd9\" data-id=\"47edbd9\" data-element_type=\"column\" data-e-type=\"column\">\n\t\t\t<div class=\"elementor-widget-wrap elementor-element-populated\">\n\t\t\t\t\t\t<div class=\"elementor-element elementor-element-13efb6b elementor-grid-4 elementor-posts--align-center elementor-grid-tablet-2 elementor-grid-mobile-1 elementor-posts--thumbnail-top elementor-widget elementor-widget-posts\" data-id=\"13efb6b\" data-element_type=\"widget\" data-e-type=\"widget\" data-settings=\"{&quot;classic_columns&quot;:&quot;4&quot;,&quot;classic_columns_tablet&quot;:&quot;2&quot;,&quot;classic_columns_mobile&quot;:&quot;1&quot;,&quot;classic_row_gap&quot;:{&quot;unit&quot;:&quot;px&quot;,&quot;size&quot;:35,&quot;sizes&quot;:[]},&quot;classic_row_gap_tablet&quot;:{&quot;unit&quot;:&quot;px&quot;,&quot;size&quot;:&quot;&quot;,&quot;sizes&quot;:[]},&quot;classic_row_gap_mobile&quot;:{&quot;unit&quot;:&quot;px&quot;,&quot;size&quot;:&quot;&quot;,&quot;sizes&quot;:[]}}\" data-widget_type=\"posts.classic\">\n\t\t\t\t<div class=\"elementor-widget-container\">\n\t\t\t\t\t\t\t<div class=\"elementor-posts-container elementor-posts elementor-posts--skin-classic elementor-grid\" role=\"list\">\n\t\t\t\t<article class=\"elementor-post elementor-grid-item post-3844 post type-post status-publish format-standard has-post-thumbnail hentry category-uudised\" role=\"listitem\">\n\t\t\t\t<a class=\"elementor-post__thumbnail__link\" href=\"https:\/\/kumex.ee\/fi\/leikkuulaudat\/\" tabindex=\"-1\" >\n\t\t\t<div class=\"elementor-post__thumbnail\"><img decoding=\"async\" width=\"800\" height=\"534\" src=\"https:\/\/kumex.ee\/wp-content\/uploads\/loikelaud-2048x13661-1.jpg\" class=\"attachment-large size-large wp-image-3468\" alt=\"\" srcset=\"https:\/\/kumex.ee\/wp-content\/uploads\/loikelaud-2048x13661-1.jpg 1000w, https:\/\/kumex.ee\/wp-content\/uploads\/loikelaud-2048x13661-1-300x200.jpg 300w, https:\/\/kumex.ee\/wp-content\/uploads\/loikelaud-2048x13661-1-768x512.jpg 768w\" sizes=\"(max-width: 800px) 100vw, 800px\" \/><\/div>\n\t\t<\/a>\n\t\t\t\t<div class=\"elementor-post__text\">\n\t\t\t\t<h3 class=\"elementor-post__title\">\n\t\t\t<a href=\"https:\/\/kumex.ee\/fi\/leikkuulaudat\/\" >\n\t\t\t\tLeikkuulaudat\t\t\t<\/a>\n\t\t<\/h3>\n\t\t\t\t<\/div>\n\t\t\t\t<\/article>\n\t\t\t\t<article class=\"elementor-post elementor-grid-item post-3853 post type-post status-publish format-standard has-post-thumbnail hentry category-uudised\" role=\"listitem\">\n\t\t\t\t<a class=\"elementor-post__thumbnail__link\" href=\"https:\/\/kumex.ee\/fi\/nosturin-tyynyt\/\" tabindex=\"-1\" >\n\t\t\t<div class=\"elementor-post__thumbnail\"><img loading=\"lazy\" decoding=\"async\" width=\"797\" height=\"801\" src=\"https:\/\/kumex.ee\/wp-content\/uploads\/kraana11.jpg\" class=\"attachment-large size-large wp-image-3471\" alt=\"\" srcset=\"https:\/\/kumex.ee\/wp-content\/uploads\/kraana11.jpg 797w, https:\/\/kumex.ee\/wp-content\/uploads\/kraana11-150x150.jpg 150w, https:\/\/kumex.ee\/wp-content\/uploads\/kraana11-768x772.jpg 768w, https:\/\/kumex.ee\/wp-content\/uploads\/kraana11-250x250.jpg 250w\" sizes=\"(max-width: 797px) 100vw, 797px\" \/><\/div>\n\t\t<\/a>\n\t\t\t\t<div class=\"elementor-post__text\">\n\t\t\t\t<h3 class=\"elementor-post__title\">\n\t\t\t<a href=\"https:\/\/kumex.ee\/fi\/nosturin-tyynyt\/\" >\n\t\t\t\tNosturin tyynyt\t\t\t<\/a>\n\t\t<\/h3>\n\t\t\t\t<\/div>\n\t\t\t\t<\/article>\n\t\t\t\t<\/div>\n\t\t\n\t\t\t\t\t\t<\/div>\n\t\t\t\t<\/div>\n\t\t\t\t\t<\/div>\n\t\t<\/div>\n\t\t\t\t\t<\/div>\n\t\t<\/section>\n\t\t\t\t<section class=\"elementor-section elementor-top-section elementor-element elementor-element-cd8ee7d elementor-section-full_width elementor-section-height-default elementor-section-height-default\" data-id=\"cd8ee7d\" data-element_type=\"section\" data-e-type=\"section\">\n\t\t\t\t\t\t<div class=\"elementor-container elementor-column-gap-no\">\n\t\t\t\t\t<div class=\"elementor-column elementor-col-100 elementor-top-column elementor-element elementor-element-4c7a950\" data-id=\"4c7a950\" data-element_type=\"column\" data-e-type=\"column\">\n\t\t\t<div class=\"elementor-widget-wrap elementor-element-populated\">\n\t\t\t\t\t\t<div class=\"elementor-element elementor-element-357a9cc elementor-widget elementor-widget-shortcode\" data-id=\"357a9cc\" data-element_type=\"widget\" data-e-type=\"widget\" data-widget_type=\"shortcode.default\">\n\t\t\t\t<div class=\"elementor-widget-container\">\n\t\t\t\t\t\t\t<div class=\"elementor-shortcode\">\t\t<div data-elementor-type=\"section\" data-elementor-id=\"3694\" class=\"elementor elementor-3694 elementor-182 elementor-182\" data-elementor-post-type=\"elementor_library\">\n\t\t\t\t\t<section class=\"elementor-section elementor-top-section elementor-element elementor-element-12df28ba elementor-section-boxed elementor-section-height-default elementor-section-height-default\" data-id=\"12df28ba\" data-element_type=\"section\" data-e-type=\"section\">\n\t\t\t\t\t\t<div class=\"elementor-container elementor-column-gap-default\">\n\t\t\t\t\t<div class=\"elementor-column elementor-col-100 elementor-top-column elementor-element elementor-element-4bfa0c85\" data-id=\"4bfa0c85\" data-element_type=\"column\" data-e-type=\"column\">\n\t\t\t<div class=\"elementor-widget-wrap elementor-element-populated\">\n\t\t\t\t\t\t<div class=\"elementor-element elementor-element-6ab0f42e elementor-widget elementor-widget-heading\" data-id=\"6ab0f42e\" data-element_type=\"widget\" data-e-type=\"widget\" data-widget_type=\"heading.default\">\n\t\t\t\t<div class=\"elementor-widget-container\">\n\t\t\t\t\t<h2 class=\"elementor-heading-title elementor-size-default\">MEIHIN LUOTTAA YLI 1500 ASIAKASTA<\/h2>\t\t\t\t<\/div>\n\t\t\t\t<\/div>\n\t\t\t\t<div class=\"elementor-element elementor-element-2582b31f elementor-pagination-position-outside elementor-widget elementor-widget-image-carousel\" data-id=\"2582b31f\" data-element_type=\"widget\" data-e-type=\"widget\" data-settings=\"{&quot;slides_to_show&quot;:&quot;4&quot;,&quot;slides_to_scroll&quot;:&quot;1&quot;,&quot;navigation&quot;:&quot;dots&quot;,&quot;slides_to_show_tablet&quot;:&quot;2&quot;,&quot;slides_to_show_mobile&quot;:&quot;1&quot;,&quot;autoplay&quot;:&quot;yes&quot;,&quot;pause_on_hover&quot;:&quot;yes&quot;,&quot;pause_on_interaction&quot;:&quot;yes&quot;,&quot;autoplay_speed&quot;:5000,&quot;infinite&quot;:&quot;yes&quot;,&quot;speed&quot;:500,&quot;image_spacing_custom&quot;:{&quot;unit&quot;:&quot;px&quot;,&quot;size&quot;:20,&quot;sizes&quot;:[]},&quot;image_spacing_custom_tablet&quot;:{&quot;unit&quot;:&quot;px&quot;,&quot;size&quot;:&quot;&quot;,&quot;sizes&quot;:[]}}\" data-widget_type=\"image-carousel.default\">\n\t\t\t\t<div class=\"elementor-widget-container\">\n\t\t\t\t\t\t\t<div class=\"elementor-image-carousel-wrapper swiper\" role=\"region\" aria-roledescription=\"carousel\" aria-label=\"Kuvakaruselli\" dir=\"ltr\">\n\t\t\t<div class=\"elementor-image-carousel swiper-wrapper\" aria-live=\"off\">\n\t\t\t\t\t\t\t\t<div class=\"swiper-slide\" role=\"group\" aria-roledescription=\"slide\" aria-label=\"1 of 4\"><figure class=\"swiper-slide-inner\"><img decoding=\"async\" class=\"swiper-slide-image\" src=\"https:\/\/kumex.ee\/wp-content\/uploads\/cleveron_logo_1-300x138.png\" alt=\"cleveron_logo_1\" \/><\/figure><\/div><div class=\"swiper-slide\" role=\"group\" aria-roledescription=\"slide\" aria-label=\"2 of 4\"><figure class=\"swiper-slide-inner\"><img decoding=\"async\" class=\"swiper-slide-image\" src=\"https:\/\/kumex.ee\/wp-content\/uploads\/ensto_logo_2-300x138.png\" alt=\"ensto_logo_2\" \/><\/figure><\/div><div class=\"swiper-slide\" role=\"group\" aria-roledescription=\"slide\" aria-label=\"3 of 4\"><figure class=\"swiper-slide-inner\"><img decoding=\"async\" class=\"swiper-slide-image\" src=\"https:\/\/kumex.ee\/wp-content\/uploads\/elron_logo_4-300x138.png\" alt=\"elron_logo_4\" \/><\/figure><\/div><div class=\"swiper-slide\" role=\"group\" aria-roledescription=\"slide\" aria-label=\"4 of 4\"><figure class=\"swiper-slide-inner\"><img decoding=\"async\" class=\"swiper-slide-image\" src=\"https:\/\/kumex.ee\/wp-content\/uploads\/milrem_robotics_logo_3-300x138.png\" alt=\"milrem_robotics_logo_3\" \/><\/figure><\/div>\t\t\t<\/div>\n\t\t\t\t\t\t\t\n\t\t\t\t\t\t\t\t\t<div class=\"swiper-pagination\"><\/div>\n\t\t\t\t\t\t\t\t\t<\/div>\n\t\t\t\t\t\t<\/div>\n\t\t\t\t<\/div>\n\t\t\t\t\t<\/div>\n\t\t<\/div>\n\t\t\t\t\t<\/div>\n\t\t<\/section>\n\t\t\t\t<\/div>\n\t\t<\/div>\n\t\t\t\t\t\t<\/div>\n\t\t\t\t<\/div>\n\t\t\t\t\t<\/div>\n\t\t<\/div>\n\t\t\t\t\t<\/div>\n\t\t<\/section>\n\t\t\t\t<section class=\"elementor-section elementor-top-section elementor-element elementor-element-8fe94e5 elementor-section-full_width elementor-section-height-default elementor-section-height-default\" data-id=\"8fe94e5\" data-element_type=\"section\" data-e-type=\"section\">\n\t\t\t\t\t\t<div class=\"elementor-container elementor-column-gap-no\">\n\t\t\t\t\t<div class=\"elementor-column elementor-col-100 elementor-top-column elementor-element elementor-element-a664450\" data-id=\"a664450\" data-element_type=\"column\" data-e-type=\"column\">\n\t\t\t<div class=\"elementor-widget-wrap elementor-element-populated\">\n\t\t\t\t\t\t<div class=\"elementor-element elementor-element-00d0aae elementor-widget elementor-widget-shortcode\" data-id=\"00d0aae\" data-element_type=\"widget\" data-e-type=\"widget\" data-widget_type=\"shortcode.default\">\n\t\t\t\t<div class=\"elementor-widget-container\">\n\t\t\t\t\t\t\t<div class=\"elementor-shortcode\">\t\t<div data-elementor-type=\"section\" data-elementor-id=\"3700\" class=\"elementor elementor-3700 elementor-179 elementor-179\" data-elementor-post-type=\"elementor_library\">\n\t\t\t\t\t<section class=\"elementor-section elementor-top-section elementor-element elementor-element-5e248a85 elementor-section-full_width elementor-section-content-middle elementor-section-height-default elementor-section-height-default\" data-id=\"5e248a85\" data-element_type=\"section\" data-e-type=\"section\" data-settings=\"{&quot;background_background&quot;:&quot;classic&quot;}\">\n\t\t\t\t\t\t<div class=\"elementor-container elementor-column-gap-default\">\n\t\t\t\t\t<div class=\"elementor-column elementor-col-50 elementor-top-column elementor-element elementor-element-49652cc6\" data-id=\"49652cc6\" data-element_type=\"column\" data-e-type=\"column\">\n\t\t\t<div class=\"elementor-widget-wrap elementor-element-populated\">\n\t\t\t\t\t\t<div class=\"elementor-element elementor-element-6393e888 elementor-widget elementor-widget-heading\" data-id=\"6393e888\" data-element_type=\"widget\" data-e-type=\"widget\" data-widget_type=\"heading.default\">\n\t\t\t\t<div class=\"elementor-widget-container\">\n\t\t\t\t\t<h2 class=\"elementor-heading-title elementor-size-default\">Olemme oman alamme asiantuntijoita. Jos jotain j\u00e4\u00e4 ep\u00e4selv\u00e4ksi tai tarvitsee tarkentamista, <span class=\"text-green\">niin ota meihin yhteytt\u00e4!<\/span><\/h2>\t\t\t\t<\/div>\n\t\t\t\t<\/div>\n\t\t\t\t\t<\/div>\n\t\t<\/div>\n\t\t\t\t<div class=\"elementor-column elementor-col-50 elementor-top-column elementor-element elementor-element-38669a22\" data-id=\"38669a22\" data-element_type=\"column\" data-e-type=\"column\">\n\t\t\t<div class=\"elementor-widget-wrap elementor-element-populated\">\n\t\t\t\t\t\t<div class=\"elementor-element elementor-element-2be0797c elementor-align-center elementor-widget elementor-widget-button\" data-id=\"2be0797c\" data-element_type=\"widget\" data-e-type=\"widget\" data-widget_type=\"button.default\">\n\t\t\t\t<div class=\"elementor-widget-container\">\n\t\t\t\t\t\t\t\t\t<div class=\"elementor-button-wrapper\">\n\t\t\t\t\t<a class=\"elementor-button elementor-button-link elementor-size-sm\" href=\"https:\/\/kumex.ee\/fi\/yhteystiedot\/\">\n\t\t\t\t\t\t<span class=\"elementor-button-content-wrapper\">\n\t\t\t\t\t\t<span class=\"elementor-button-icon\">\n\t\t\t\t<i aria-hidden=\"true\" class=\"fas fa-paper-plane\"><\/i>\t\t\t<\/span>\n\t\t\t\t\t\t\t\t\t<span class=\"elementor-button-text\">Yhteystiedot<\/span>\n\t\t\t\t\t<\/span>\n\t\t\t\t\t<\/a>\n\t\t\t\t<\/div>\n\t\t\t\t\t\t\t\t<\/div>\n\t\t\t\t<\/div>\n\t\t\t\t\t<\/div>\n\t\t<\/div>\n\t\t\t\t\t<\/div>\n\t\t<\/section>\n\t\t\t\t<\/div>\n\t\t<\/div>\n\t\t\t\t\t\t<\/div>\n\t\t\t\t<\/div>\n\t\t\t\t\t<\/div>\n\t\t<\/div>\n\t\t\t\t\t<\/div>\n\t\t<\/section>\n\t\t\t\t<\/div>\n\t\t","protected":false},"excerpt":{"rendered":"<p>UUTISET JA TARJOUKSET<\/p>\n","protected":false},"author":4,"featured_media":0,"parent":0,"menu_order":0,"comment_status":"closed","ping_status":"closed","template":"","meta":{"_acf_changed":false,"footnotes":""},"class_list":["post-3708","page","type-page","status-publish","hentry"],"acf":[],"yoast_head":"<!-- This site is optimized with the Yoast SEO plugin v27.2 - https:\/\/yoast.com\/product\/yoast-seo-wordpress\/ -->\n<title>Uutiset - Kumex<\/title>\n<meta name=\"robots\" content=\"index, follow, max-snippet:-1, max-image-preview:large, max-video-preview:-1\" \/>\n<link rel=\"canonical\" href=\"https:\/\/kumex.ee\/fi\/uutiset\/\" \/>\n<meta property=\"og:locale\" content=\"fi_FI\" \/>\n<meta property=\"og:type\" content=\"article\" \/>\n<meta property=\"og:title\" content=\"Uutiset - Kumex\" \/>\n<meta property=\"og:description\" content=\"UUTISET JA TARJOUKSET\" \/>\n<meta property=\"og:url\" content=\"https:\/\/kumex.ee\/fi\/uutiset\/\" \/>\n<meta property=\"og:site_name\" content=\"Kumex\" \/>\n<meta property=\"article:modified_time\" content=\"2023-06-19T13:25:00+00:00\" \/>\n<meta property=\"og:image\" content=\"https:\/\/kumex.ee\/wp-content\/uploads\/inner-right-1024x942.png\" \/>\n<meta name=\"twitter:card\" content=\"summary_large_image\" \/>\n<meta name=\"twitter:label1\" content=\"Arvioitu lukuaika\" \/>\n\t<meta name=\"twitter:data1\" content=\"7 minuuttia\" \/>\n<script type=\"application\/ld+json\" class=\"yoast-schema-graph\">{\"@context\":\"https:\/\/schema.org\",\"@graph\":[{\"@type\":\"WebPage\",\"@id\":\"https:\/\/kumex.ee\/fi\/uutiset\/\",\"url\":\"https:\/\/kumex.ee\/fi\/uutiset\/\",\"name\":\"Uutiset - Kumex\",\"isPartOf\":{\"@id\":\"https:\/\/kumex.ee\/fi\/#website\"},\"primaryImageOfPage\":{\"@id\":\"https:\/\/kumex.ee\/fi\/uutiset\/#primaryimage\"},\"image\":{\"@id\":\"https:\/\/kumex.ee\/fi\/uutiset\/#primaryimage\"},\"thumbnailUrl\":\"https:\/\/kumex.ee\/wp-content\/uploads\/inner-right-1024x942.png\",\"datePublished\":\"2021-03-03T13:05:32+00:00\",\"dateModified\":\"2023-06-19T13:25:00+00:00\",\"breadcrumb\":{\"@id\":\"https:\/\/kumex.ee\/fi\/uutiset\/#breadcrumb\"},\"inLanguage\":\"fi\",\"potentialAction\":[{\"@type\":\"ReadAction\",\"target\":[\"https:\/\/kumex.ee\/fi\/uutiset\/\"]}]},{\"@type\":\"ImageObject\",\"inLanguage\":\"fi\",\"@id\":\"https:\/\/kumex.ee\/fi\/uutiset\/#primaryimage\",\"url\":\"https:\/\/kumex.ee\/wp-content\/uploads\/inner-right-1024x942.png\",\"contentUrl\":\"https:\/\/kumex.ee\/wp-content\/uploads\/inner-right-1024x942.png\"},{\"@type\":\"WebSite\",\"@id\":\"https:\/\/kumex.ee\/fi\/#website\",\"url\":\"https:\/\/kumex.ee\/fi\/\",\"name\":\"Kumex\",\"description\":\"Kumex\",\"publisher\":{\"@id\":\"https:\/\/kumex.ee\/fi\/#organization\"},\"potentialAction\":[{\"@type\":\"SearchAction\",\"target\":{\"@type\":\"EntryPoint\",\"urlTemplate\":\"https:\/\/kumex.ee\/fi\/?s={search_term_string}\"},\"query-input\":{\"@type\":\"PropertyValueSpecification\",\"valueRequired\":true,\"valueName\":\"search_term_string\"}}],\"inLanguage\":\"fi\"},{\"@type\":\"Organization\",\"@id\":\"https:\/\/kumex.ee\/fi\/#organization\",\"name\":\"Kumex\",\"url\":\"https:\/\/kumex.ee\/fi\/\",\"logo\":{\"@type\":\"ImageObject\",\"inLanguage\":\"fi\",\"@id\":\"https:\/\/kumex.ee\/fi\/#\/schema\/logo\/image\/\",\"url\":\"https:\/\/kumex.ee\/wp-content\/uploads\/2021\/03\/logo.png\",\"contentUrl\":\"https:\/\/kumex.ee\/wp-content\/uploads\/2021\/03\/logo.png\",\"width\":608,\"height\":168,\"caption\":\"Kumex\"},\"image\":{\"@id\":\"https:\/\/kumex.ee\/fi\/#\/schema\/logo\/image\/\"}}]}<\/script>\n<!-- \/ Yoast SEO plugin. -->","yoast_head_json":{"title":"Uutiset - Kumex","robots":{"index":"index","follow":"follow","max-snippet":"max-snippet:-1","max-image-preview":"max-image-preview:large","max-video-preview":"max-video-preview:-1"},"canonical":"https:\/\/kumex.ee\/fi\/uutiset\/","og_locale":"fi_FI","og_type":"article","og_title":"Uutiset - Kumex","og_description":"UUTISET JA TARJOUKSET","og_url":"https:\/\/kumex.ee\/fi\/uutiset\/","og_site_name":"Kumex","article_modified_time":"2023-06-19T13:25:00+00:00","og_image":[{"url":"https:\/\/kumex.ee\/wp-content\/uploads\/inner-right-1024x942.png","type":"","width":"","height":""}],"twitter_card":"summary_large_image","twitter_misc":{"Arvioitu lukuaika":"7 minuuttia"},"schema":{"@context":"https:\/\/schema.org","@graph":[{"@type":"WebPage","@id":"https:\/\/kumex.ee\/fi\/uutiset\/","url":"https:\/\/kumex.ee\/fi\/uutiset\/","name":"Uutiset - Kumex","isPartOf":{"@id":"https:\/\/kumex.ee\/fi\/#website"},"primaryImageOfPage":{"@id":"https:\/\/kumex.ee\/fi\/uutiset\/#primaryimage"},"image":{"@id":"https:\/\/kumex.ee\/fi\/uutiset\/#primaryimage"},"thumbnailUrl":"https:\/\/kumex.ee\/wp-content\/uploads\/inner-right-1024x942.png","datePublished":"2021-03-03T13:05:32+00:00","dateModified":"2023-06-19T13:25:00+00:00","breadcrumb":{"@id":"https:\/\/kumex.ee\/fi\/uutiset\/#breadcrumb"},"inLanguage":"fi","potentialAction":[{"@type":"ReadAction","target":["https:\/\/kumex.ee\/fi\/uutiset\/"]}]},{"@type":"ImageObject","inLanguage":"fi","@id":"https:\/\/kumex.ee\/fi\/uutiset\/#primaryimage","url":"https:\/\/kumex.ee\/wp-content\/uploads\/inner-right-1024x942.png","contentUrl":"https:\/\/kumex.ee\/wp-content\/uploads\/inner-right-1024x942.png"},{"@type":"WebSite","@id":"https:\/\/kumex.ee\/fi\/#website","url":"https:\/\/kumex.ee\/fi\/","name":"Kumex","description":"Kumex","publisher":{"@id":"https:\/\/kumex.ee\/fi\/#organization"},"potentialAction":[{"@type":"SearchAction","target":{"@type":"EntryPoint","urlTemplate":"https:\/\/kumex.ee\/fi\/?s={search_term_string}"},"query-input":{"@type":"PropertyValueSpecification","valueRequired":true,"valueName":"search_term_string"}}],"inLanguage":"fi"},{"@type":"Organization","@id":"https:\/\/kumex.ee\/fi\/#organization","name":"Kumex","url":"https:\/\/kumex.ee\/fi\/","logo":{"@type":"ImageObject","inLanguage":"fi","@id":"https:\/\/kumex.ee\/fi\/#\/schema\/logo\/image\/","url":"https:\/\/kumex.ee\/wp-content\/uploads\/2021\/03\/logo.png","contentUrl":"https:\/\/kumex.ee\/wp-content\/uploads\/2021\/03\/logo.png","width":608,"height":168,"caption":"Kumex"},"image":{"@id":"https:\/\/kumex.ee\/fi\/#\/schema\/logo\/image\/"}}]}},"_links":{"self":[{"href":"https:\/\/kumex.ee\/fi\/wp-json\/wp\/v2\/pages\/3708","targetHints":{"allow":["GET"]}}],"collection":[{"href":"https:\/\/kumex.ee\/fi\/wp-json\/wp\/v2\/pages"}],"about":[{"href":"https:\/\/kumex.ee\/fi\/wp-json\/wp\/v2\/types\/page"}],"author":[{"embeddable":true,"href":"https:\/\/kumex.ee\/fi\/wp-json\/wp\/v2\/users\/4"}],"replies":[{"embeddable":true,"href":"https:\/\/kumex.ee\/fi\/wp-json\/wp\/v2\/comments?post=3708"}],"version-history":[{"count":7,"href":"https:\/\/kumex.ee\/fi\/wp-json\/wp\/v2\/pages\/3708\/revisions"}],"predecessor-version":[{"id":5237,"href":"https:\/\/kumex.ee\/fi\/wp-json\/wp\/v2\/pages\/3708\/revisions\/5237"}],"wp:attachment":[{"href":"https:\/\/kumex.ee\/fi\/wp-json\/wp\/v2\/media?parent=3708"}],"curies":[{"name":"wp","href":"https:\/\/api.w.org\/{rel}","templated":true}]}}