{"id":3714,"date":"2021-03-03T14:58:11","date_gmt":"2021-03-03T12:58:11","guid":{"rendered":"https:\/\/kumex.ee\/ettevottest\/"},"modified":"2024-01-29T13:18:11","modified_gmt":"2024-01-29T11:18:11","slug":"yritys","status":"publish","type":"page","link":"https:\/\/kumex.ee\/fi\/yritys\/","title":{"rendered":"Yritys"},"content":{"rendered":"\t\t<div data-elementor-type=\"wp-page\" data-elementor-id=\"3714\" class=\"elementor elementor-3714 elementor-348\" data-elementor-post-type=\"page\">\n\t\t\t\t\t\t<section class=\"elementor-section elementor-top-section elementor-element elementor-element-9dfd26f elementor-section-full_width elementor-section-height-default elementor-section-height-default\" data-id=\"9dfd26f\" data-element_type=\"section\" data-e-type=\"section\">\n\t\t\t\t\t\t<div class=\"elementor-container elementor-column-gap-no\">\n\t\t\t\t\t<div class=\"elementor-column elementor-col-100 elementor-top-column elementor-element elementor-element-9a78d00\" data-id=\"9a78d00\" data-element_type=\"column\" data-e-type=\"column\">\n\t\t\t<div class=\"elementor-widget-wrap elementor-element-populated\">\n\t\t\t\t\t\t<div class=\"elementor-element elementor-element-8fbe195 elementor-absolute elementor-widget elementor-widget-image\" data-id=\"8fbe195\" data-element_type=\"widget\" data-e-type=\"widget\" data-settings=\"{&quot;_position&quot;:&quot;absolute&quot;}\" data-widget_type=\"image.default\">\n\t\t\t\t<div class=\"elementor-widget-container\">\n\t\t\t\t\t\t\t\t\t\t\t\t\t\t\t<img fetchpriority=\"high\" decoding=\"async\" width=\"800\" height=\"736\" src=\"https:\/\/kumex.ee\/wp-content\/uploads\/inner-right-1024x942.png\" class=\"attachment-large size-large wp-image-1580\" alt=\"\" srcset=\"https:\/\/kumex.ee\/wp-content\/uploads\/inner-right-1024x942.png 1024w, https:\/\/kumex.ee\/wp-content\/uploads\/inner-right-300x276.png 300w, https:\/\/kumex.ee\/wp-content\/uploads\/inner-right-768x707.png 768w, https:\/\/kumex.ee\/wp-content\/uploads\/inner-right.png 1153w\" sizes=\"(max-width: 800px) 100vw, 800px\" \/>\t\t\t\t\t\t\t\t\t\t\t\t\t\t\t<\/div>\n\t\t\t\t<\/div>\n\t\t\t\t\t<\/div>\n\t\t<\/div>\n\t\t\t\t\t<\/div>\n\t\t<\/section>\n\t\t\t\t<section class=\"elementor-section elementor-top-section elementor-element elementor-element-1095d92 elementor-section-full_width elementor-reverse-mobile elementor-section-height-default elementor-section-height-default\" data-id=\"1095d92\" data-element_type=\"section\" data-e-type=\"section\">\n\t\t\t\t\t\t<div class=\"elementor-container elementor-column-gap-wider\">\n\t\t\t\t\t<div class=\"elementor-column elementor-col-50 elementor-top-column elementor-element elementor-element-ca1135c\" data-id=\"ca1135c\" data-element_type=\"column\" data-e-type=\"column\">\n\t\t\t<div class=\"elementor-widget-wrap elementor-element-populated\">\n\t\t\t\t\t\t<div class=\"elementor-element elementor-element-485a47b elementor-widget elementor-widget-image\" data-id=\"485a47b\" data-element_type=\"widget\" data-e-type=\"widget\" data-widget_type=\"image.default\">\n\t\t\t\t<div class=\"elementor-widget-container\">\n\t\t\t\t\t\t\t\t\t\t\t\t\t\t\t<img decoding=\"async\" width=\"600\" height=\"422\" src=\"https:\/\/kumex.ee\/wp-content\/uploads\/download.png\" class=\"attachment-full size-full wp-image-3546\" alt=\"\" srcset=\"https:\/\/kumex.ee\/wp-content\/uploads\/download.png 600w, https:\/\/kumex.ee\/wp-content\/uploads\/download-300x211.png 300w\" sizes=\"(max-width: 600px) 100vw, 600px\" \/>\t\t\t\t\t\t\t\t\t\t\t\t\t\t\t<\/div>\n\t\t\t\t<\/div>\n\t\t\t\t<section class=\"elementor-section elementor-inner-section elementor-element elementor-element-bf63df0 elementor-section-boxed elementor-section-height-default elementor-section-height-default\" data-id=\"bf63df0\" data-element_type=\"section\" data-e-type=\"section\">\n\t\t\t\t\t\t<div class=\"elementor-container elementor-column-gap-default\">\n\t\t\t\t\t<div class=\"elementor-column elementor-col-50 elementor-inner-column elementor-element elementor-element-4268944\" data-id=\"4268944\" data-element_type=\"column\" data-e-type=\"column\">\n\t\t\t<div class=\"elementor-widget-wrap elementor-element-populated\">\n\t\t\t\t\t\t<div class=\"elementor-element elementor-element-9df396b elementor-widget elementor-widget-image\" data-id=\"9df396b\" data-element_type=\"widget\" data-e-type=\"widget\" data-widget_type=\"image.default\">\n\t\t\t\t<div class=\"elementor-widget-container\">\n\t\t\t\t\t\t\t\t\t\t\t\t\t\t\t<img decoding=\"async\" width=\"156\" height=\"171\" src=\"https:\/\/kumex.ee\/wp-content\/uploads\/koda-2.png\" class=\"attachment-full size-full wp-image-3183\" alt=\"\" \/>\t\t\t\t\t\t\t\t\t\t\t\t\t\t\t<\/div>\n\t\t\t\t<\/div>\n\t\t\t\t\t<\/div>\n\t\t<\/div>\n\t\t\t\t<div class=\"elementor-column elementor-col-50 elementor-inner-column elementor-element elementor-element-f6133d1\" data-id=\"f6133d1\" data-element_type=\"column\" data-e-type=\"column\">\n\t\t\t<div class=\"elementor-widget-wrap elementor-element-populated\">\n\t\t\t\t\t\t<div class=\"elementor-element elementor-element-8d73c4d elementor-widget elementor-widget-image\" data-id=\"8d73c4d\" data-element_type=\"widget\" data-e-type=\"widget\" data-widget_type=\"image.default\">\n\t\t\t\t<div class=\"elementor-widget-container\">\n\t\t\t\t\t\t\t\t\t\t\t\t\t\t\t<img loading=\"lazy\" decoding=\"async\" width=\"188\" height=\"164\" src=\"https:\/\/kumex.ee\/wp-content\/uploads\/Gasell-2.png\" class=\"attachment-full size-full wp-image-3186\" alt=\"\" \/>\t\t\t\t\t\t\t\t\t\t\t\t\t\t\t<\/div>\n\t\t\t\t<\/div>\n\t\t\t\t\t<\/div>\n\t\t<\/div>\n\t\t\t\t\t<\/div>\n\t\t<\/section>\n\t\t\t\t\t<\/div>\n\t\t<\/div>\n\t\t\t\t<div class=\"elementor-column elementor-col-50 elementor-top-column elementor-element elementor-element-a991a03\" data-id=\"a991a03\" data-element_type=\"column\" data-e-type=\"column\">\n\t\t\t<div class=\"elementor-widget-wrap elementor-element-populated\">\n\t\t\t\t\t\t<div class=\"elementor-element elementor-element-4389dd0 elementor-widget elementor-widget-heading\" data-id=\"4389dd0\" data-element_type=\"widget\" data-e-type=\"widget\" data-widget_type=\"heading.default\">\n\t\t\t\t<div class=\"elementor-widget-container\">\n\t\t\t\t\t<h3 class=\"elementor-heading-title elementor-size-default\">YRITYS<\/h3>\t\t\t\t<\/div>\n\t\t\t\t<\/div>\n\t\t\t\t<div class=\"elementor-element elementor-element-0125586 elementor-widget elementor-widget-text-editor\" data-id=\"0125586\" data-element_type=\"widget\" data-e-type=\"widget\" data-widget_type=\"text-editor.default\">\n\t\t\t\t<div class=\"elementor-widget-container\">\n\t\t\t\t\t\t\t\t\t<p>Kumex sai alkunsa vuonna 2013. Ennen sit\u00e4 toimimme vuosia teollisuus- ja materiaalialalla, jossa saimme hy\u00f6dyllisi\u00e4 kokemuksia sek\u00e4 alan osto- ett\u00e4 myyntipuolelta.<\/p><p>Vuosien aikana meille kehittyi hyvin selke\u00e4 k\u00e4sitys siit\u00e4, millainen teknisi\u00e4 materiaaleja tarjoavan yrityksen tulee olla \u2013 asiakkaalle on taattava laadukas tuote sek\u00e4 nopea ja k\u00e4tev\u00e4 toimitus miellytt\u00e4v\u00e4\u00e4 asiakaspalvelua unohtamatta.<\/p><p>Juuri n\u00e4m\u00e4 arvot huomioon ottaen olemme luoneet yrityksen. Meill\u00e4 on asiakkaita useilta eri aloilta, joista yleisimpi\u00e4 ovat rakennus ja teollisuus.<\/p><p>Prosesseihin kuluva aika on nykyaikaisessa taloudessa yh\u00e4 t\u00e4rke\u00e4mp\u00e4\u00e4, joten olemme ottaneet tavoitteeksemme tarjota asiakkaalle loppuratkaisua. Sit\u00e4 varten meill\u00e4 on olemassa laitteet tarjottavien materiaalien k\u00e4sittelyyn.\u00a0<\/p>\t\t\t\t\t\t\t\t<\/div>\n\t\t\t\t<\/div>\n\t\t\t\t<div class=\"elementor-element elementor-element-d7bc664 elementor-widget elementor-widget-text-editor\" data-id=\"d7bc664\" data-element_type=\"widget\" data-e-type=\"widget\" data-widget_type=\"text-editor.default\">\n\t\t\t\t<div class=\"elementor-widget-container\">\n\t\t\t\t\t\t\t\t\t<p><strong><span style=\"letter-spacing: 1px;\">Kumex O\u00dc on saanut gaselliyrityksen tittelin vuosina 2017 ja 2019<\/span><\/strong><\/p><p><span style=\"letter-spacing: 1px;\">Gasellit ovat yrityksi\u00e4, jotka ovat kolmen vuoden aikana kasvattaneet liikevaihtoa ja voittoa yli 50 %, luoneet eniten uusia ty\u00f6paikkoja ja edustavat nopeasti kehittyv\u00e4n yrityksen t\u00e4rkeit\u00e4 ominaisuuksia &#8211; joustavuus, nopeus, rohkeus. Vain alle 1 % virolaisista yrityksist\u00e4 on gaselleja.<\/span><\/p><p><strong><span style=\"letter-spacing: 1px;\">Viron kauppakamarin j\u00e4sen<\/span><\/strong><\/p>\t\t\t\t\t\t\t\t<\/div>\n\t\t\t\t<\/div>\n\t\t\t\t\t<\/div>\n\t\t<\/div>\n\t\t\t\t\t<\/div>\n\t\t<\/section>\n\t\t\t\t<section class=\"elementor-section elementor-top-section elementor-element elementor-element-cd8ee7d elementor-section-full_width elementor-section-height-default elementor-section-height-default\" data-id=\"cd8ee7d\" data-element_type=\"section\" data-e-type=\"section\">\n\t\t\t\t\t\t<div class=\"elementor-container elementor-column-gap-no\">\n\t\t\t\t\t<div class=\"elementor-column elementor-col-100 elementor-top-column elementor-element elementor-element-4c7a950\" data-id=\"4c7a950\" data-element_type=\"column\" data-e-type=\"column\">\n\t\t\t<div class=\"elementor-widget-wrap elementor-element-populated\">\n\t\t\t\t\t\t<div class=\"elementor-element elementor-element-357a9cc elementor-widget elementor-widget-shortcode\" data-id=\"357a9cc\" data-element_type=\"widget\" data-e-type=\"widget\" data-widget_type=\"shortcode.default\">\n\t\t\t\t<div class=\"elementor-widget-container\">\n\t\t\t\t\t\t\t<div class=\"elementor-shortcode\">\t\t<div data-elementor-type=\"section\" data-elementor-id=\"3694\" class=\"elementor elementor-3694 elementor-182 elementor-182\" data-elementor-post-type=\"elementor_library\">\n\t\t\t\t\t<section class=\"elementor-section elementor-top-section elementor-element elementor-element-12df28ba elementor-section-boxed elementor-section-height-default elementor-section-height-default\" data-id=\"12df28ba\" data-element_type=\"section\" data-e-type=\"section\">\n\t\t\t\t\t\t<div class=\"elementor-container elementor-column-gap-default\">\n\t\t\t\t\t<div class=\"elementor-column elementor-col-100 elementor-top-column elementor-element elementor-element-4bfa0c85\" data-id=\"4bfa0c85\" data-element_type=\"column\" data-e-type=\"column\">\n\t\t\t<div class=\"elementor-widget-wrap elementor-element-populated\">\n\t\t\t\t\t\t<div class=\"elementor-element elementor-element-6ab0f42e elementor-widget elementor-widget-heading\" data-id=\"6ab0f42e\" data-element_type=\"widget\" data-e-type=\"widget\" data-widget_type=\"heading.default\">\n\t\t\t\t<div class=\"elementor-widget-container\">\n\t\t\t\t\t<h2 class=\"elementor-heading-title elementor-size-default\">MEIHIN LUOTTAA YLI 1500 ASIAKASTA<\/h2>\t\t\t\t<\/div>\n\t\t\t\t<\/div>\n\t\t\t\t<div class=\"elementor-element elementor-element-2582b31f elementor-pagination-position-outside elementor-widget elementor-widget-image-carousel\" data-id=\"2582b31f\" data-element_type=\"widget\" data-e-type=\"widget\" data-settings=\"{&quot;slides_to_show&quot;:&quot;4&quot;,&quot;slides_to_scroll&quot;:&quot;1&quot;,&quot;navigation&quot;:&quot;dots&quot;,&quot;slides_to_show_tablet&quot;:&quot;2&quot;,&quot;slides_to_show_mobile&quot;:&quot;1&quot;,&quot;autoplay&quot;:&quot;yes&quot;,&quot;pause_on_hover&quot;:&quot;yes&quot;,&quot;pause_on_interaction&quot;:&quot;yes&quot;,&quot;autoplay_speed&quot;:5000,&quot;infinite&quot;:&quot;yes&quot;,&quot;speed&quot;:500,&quot;image_spacing_custom&quot;:{&quot;unit&quot;:&quot;px&quot;,&quot;size&quot;:20,&quot;sizes&quot;:[]},&quot;image_spacing_custom_tablet&quot;:{&quot;unit&quot;:&quot;px&quot;,&quot;size&quot;:&quot;&quot;,&quot;sizes&quot;:[]}}\" data-widget_type=\"image-carousel.default\">\n\t\t\t\t<div class=\"elementor-widget-container\">\n\t\t\t\t\t\t\t<div class=\"elementor-image-carousel-wrapper swiper\" role=\"region\" aria-roledescription=\"carousel\" aria-label=\"Kuvakaruselli\" dir=\"ltr\">\n\t\t\t<div class=\"elementor-image-carousel swiper-wrapper\" aria-live=\"off\">\n\t\t\t\t\t\t\t\t<div class=\"swiper-slide\" role=\"group\" aria-roledescription=\"slide\" aria-label=\"1 of 4\"><figure class=\"swiper-slide-inner\"><img decoding=\"async\" class=\"swiper-slide-image\" src=\"https:\/\/kumex.ee\/wp-content\/uploads\/cleveron_logo_1-300x138.png\" alt=\"cleveron_logo_1\" \/><\/figure><\/div><div class=\"swiper-slide\" role=\"group\" aria-roledescription=\"slide\" aria-label=\"2 of 4\"><figure class=\"swiper-slide-inner\"><img decoding=\"async\" class=\"swiper-slide-image\" src=\"https:\/\/kumex.ee\/wp-content\/uploads\/ensto_logo_2-300x138.png\" alt=\"ensto_logo_2\" \/><\/figure><\/div><div class=\"swiper-slide\" role=\"group\" aria-roledescription=\"slide\" aria-label=\"3 of 4\"><figure class=\"swiper-slide-inner\"><img decoding=\"async\" class=\"swiper-slide-image\" src=\"https:\/\/kumex.ee\/wp-content\/uploads\/elron_logo_4-300x138.png\" alt=\"elron_logo_4\" \/><\/figure><\/div><div class=\"swiper-slide\" role=\"group\" aria-roledescription=\"slide\" aria-label=\"4 of 4\"><figure class=\"swiper-slide-inner\"><img decoding=\"async\" class=\"swiper-slide-image\" src=\"https:\/\/kumex.ee\/wp-content\/uploads\/milrem_robotics_logo_3-300x138.png\" alt=\"milrem_robotics_logo_3\" \/><\/figure><\/div>\t\t\t<\/div>\n\t\t\t\t\t\t\t\n\t\t\t\t\t\t\t\t\t<div class=\"swiper-pagination\"><\/div>\n\t\t\t\t\t\t\t\t\t<\/div>\n\t\t\t\t\t\t<\/div>\n\t\t\t\t<\/div>\n\t\t\t\t\t<\/div>\n\t\t<\/div>\n\t\t\t\t\t<\/div>\n\t\t<\/section>\n\t\t\t\t<\/div>\n\t\t<\/div>\n\t\t\t\t\t\t<\/div>\n\t\t\t\t<\/div>\n\t\t\t\t\t<\/div>\n\t\t<\/div>\n\t\t\t\t\t<\/div>\n\t\t<\/section>\n\t\t\t\t<section class=\"elementor-section elementor-top-section elementor-element elementor-element-8fe94e5 elementor-section-full_width elementor-section-height-default elementor-section-height-default\" data-id=\"8fe94e5\" data-element_type=\"section\" data-e-type=\"section\">\n\t\t\t\t\t\t<div class=\"elementor-container elementor-column-gap-no\">\n\t\t\t\t\t<div class=\"elementor-column elementor-col-100 elementor-top-column elementor-element elementor-element-a664450\" data-id=\"a664450\" data-element_type=\"column\" data-e-type=\"column\">\n\t\t\t<div class=\"elementor-widget-wrap elementor-element-populated\">\n\t\t\t\t\t\t<div class=\"elementor-element elementor-element-00d0aae elementor-widget elementor-widget-shortcode\" data-id=\"00d0aae\" data-element_type=\"widget\" data-e-type=\"widget\" data-widget_type=\"shortcode.default\">\n\t\t\t\t<div class=\"elementor-widget-container\">\n\t\t\t\t\t\t\t<div class=\"elementor-shortcode\">\t\t<div data-elementor-type=\"section\" data-elementor-id=\"3700\" class=\"elementor elementor-3700 elementor-179 elementor-179\" data-elementor-post-type=\"elementor_library\">\n\t\t\t\t\t<section class=\"elementor-section elementor-top-section elementor-element elementor-element-5e248a85 elementor-section-full_width elementor-section-content-middle elementor-section-height-default elementor-section-height-default\" data-id=\"5e248a85\" data-element_type=\"section\" data-e-type=\"section\" data-settings=\"{&quot;background_background&quot;:&quot;classic&quot;}\">\n\t\t\t\t\t\t<div class=\"elementor-container elementor-column-gap-default\">\n\t\t\t\t\t<div class=\"elementor-column elementor-col-50 elementor-top-column elementor-element elementor-element-49652cc6\" data-id=\"49652cc6\" data-element_type=\"column\" data-e-type=\"column\">\n\t\t\t<div class=\"elementor-widget-wrap elementor-element-populated\">\n\t\t\t\t\t\t<div class=\"elementor-element elementor-element-6393e888 elementor-widget elementor-widget-heading\" data-id=\"6393e888\" data-element_type=\"widget\" data-e-type=\"widget\" data-widget_type=\"heading.default\">\n\t\t\t\t<div class=\"elementor-widget-container\">\n\t\t\t\t\t<h2 class=\"elementor-heading-title elementor-size-default\">Olemme oman alamme asiantuntijoita. Jos jotain j\u00e4\u00e4 ep\u00e4selv\u00e4ksi tai tarvitsee tarkentamista, <span class=\"text-green\">niin ota meihin yhteytt\u00e4!<\/span><\/h2>\t\t\t\t<\/div>\n\t\t\t\t<\/div>\n\t\t\t\t\t<\/div>\n\t\t<\/div>\n\t\t\t\t<div class=\"elementor-column elementor-col-50 elementor-top-column elementor-element elementor-element-38669a22\" data-id=\"38669a22\" data-element_type=\"column\" data-e-type=\"column\">\n\t\t\t<div class=\"elementor-widget-wrap elementor-element-populated\">\n\t\t\t\t\t\t<div class=\"elementor-element elementor-element-2be0797c elementor-align-center elementor-widget elementor-widget-button\" data-id=\"2be0797c\" data-element_type=\"widget\" data-e-type=\"widget\" data-widget_type=\"button.default\">\n\t\t\t\t<div class=\"elementor-widget-container\">\n\t\t\t\t\t\t\t\t\t<div class=\"elementor-button-wrapper\">\n\t\t\t\t\t<a class=\"elementor-button elementor-button-link elementor-size-sm\" href=\"https:\/\/kumex.ee\/fi\/yhteystiedot\/\">\n\t\t\t\t\t\t<span class=\"elementor-button-content-wrapper\">\n\t\t\t\t\t\t<span class=\"elementor-button-icon\">\n\t\t\t\t<i aria-hidden=\"true\" class=\"fas fa-paper-plane\"><\/i>\t\t\t<\/span>\n\t\t\t\t\t\t\t\t\t<span class=\"elementor-button-text\">Yhteystiedot<\/span>\n\t\t\t\t\t<\/span>\n\t\t\t\t\t<\/a>\n\t\t\t\t<\/div>\n\t\t\t\t\t\t\t\t<\/div>\n\t\t\t\t<\/div>\n\t\t\t\t\t<\/div>\n\t\t<\/div>\n\t\t\t\t\t<\/div>\n\t\t<\/section>\n\t\t\t\t<\/div>\n\t\t<\/div>\n\t\t\t\t\t\t<\/div>\n\t\t\t\t<\/div>\n\t\t\t\t\t<\/div>\n\t\t<\/div>\n\t\t\t\t\t<\/div>\n\t\t<\/section>\n\t\t\t\t<\/div>\n\t\t","protected":false},"excerpt":{"rendered":"<p>YRITYS Kumex sai alkunsa vuonna 2013. Ennen sit\u00e4 toimimme vuosia teollisuus- ja materiaalialalla, jossa saimme hy\u00f6dyllisi\u00e4 kokemuksia sek\u00e4 alan osto- ett\u00e4 myyntipuolelta. Vuosien aikana meille kehittyi hyvin selke\u00e4 k\u00e4sitys siit\u00e4, millainen teknisi\u00e4 materiaaleja tarjoavan yrityksen tulee olla \u2013 asiakkaalle on taattava laadukas tuote sek\u00e4 nopea ja k\u00e4tev\u00e4 toimitus miellytt\u00e4v\u00e4\u00e4 asiakaspalvelua unohtamatta. Juuri n\u00e4m\u00e4 arvot huomioon [&hellip;]<\/p>\n","protected":false},"author":4,"featured_media":0,"parent":0,"menu_order":0,"comment_status":"closed","ping_status":"closed","template":"","meta":{"_acf_changed":false,"footnotes":""},"class_list":["post-3714","page","type-page","status-publish","hentry"],"acf":[],"yoast_head":"<!-- This site is optimized with the Yoast SEO plugin v27.2 - https:\/\/yoast.com\/product\/yoast-seo-wordpress\/ -->\n<title>Yritys - Kumex<\/title>\n<meta name=\"robots\" content=\"index, follow, max-snippet:-1, max-image-preview:large, max-video-preview:-1\" \/>\n<link rel=\"canonical\" href=\"https:\/\/kumex.ee\/fi\/yritys\/\" \/>\n<meta property=\"og:locale\" content=\"fi_FI\" \/>\n<meta property=\"og:type\" content=\"article\" \/>\n<meta property=\"og:title\" content=\"Yritys - Kumex\" \/>\n<meta property=\"og:description\" content=\"YRITYS Kumex sai alkunsa vuonna 2013. Ennen sit\u00e4 toimimme vuosia teollisuus- ja materiaalialalla, jossa saimme hy\u00f6dyllisi\u00e4 kokemuksia sek\u00e4 alan osto- ett\u00e4 myyntipuolelta. Vuosien aikana meille kehittyi hyvin selke\u00e4 k\u00e4sitys siit\u00e4, millainen teknisi\u00e4 materiaaleja tarjoavan yrityksen tulee olla \u2013 asiakkaalle on taattava laadukas tuote sek\u00e4 nopea ja k\u00e4tev\u00e4 toimitus miellytt\u00e4v\u00e4\u00e4 asiakaspalvelua unohtamatta. Juuri n\u00e4m\u00e4 arvot huomioon [&hellip;]\" \/>\n<meta property=\"og:url\" content=\"https:\/\/kumex.ee\/fi\/yritys\/\" \/>\n<meta property=\"og:site_name\" content=\"Kumex\" \/>\n<meta property=\"article:modified_time\" content=\"2024-01-29T11:18:11+00:00\" \/>\n<meta property=\"og:image\" content=\"https:\/\/kumex.ee\/wp-content\/uploads\/inner-right-1024x942.png\" \/>\n<meta name=\"twitter:card\" content=\"summary_large_image\" \/>\n<meta name=\"twitter:label1\" content=\"Arvioitu lukuaika\" \/>\n\t<meta name=\"twitter:data1\" content=\"7 minuuttia\" \/>\n<script type=\"application\/ld+json\" class=\"yoast-schema-graph\">{\"@context\":\"https:\/\/schema.org\",\"@graph\":[{\"@type\":\"WebPage\",\"@id\":\"https:\/\/kumex.ee\/fi\/yritys\/\",\"url\":\"https:\/\/kumex.ee\/fi\/yritys\/\",\"name\":\"Yritys - Kumex\",\"isPartOf\":{\"@id\":\"https:\/\/kumex.ee\/fi\/#website\"},\"primaryImageOfPage\":{\"@id\":\"https:\/\/kumex.ee\/fi\/yritys\/#primaryimage\"},\"image\":{\"@id\":\"https:\/\/kumex.ee\/fi\/yritys\/#primaryimage\"},\"thumbnailUrl\":\"https:\/\/kumex.ee\/wp-content\/uploads\/inner-right-1024x942.png\",\"datePublished\":\"2021-03-03T12:58:11+00:00\",\"dateModified\":\"2024-01-29T11:18:11+00:00\",\"breadcrumb\":{\"@id\":\"https:\/\/kumex.ee\/fi\/yritys\/#breadcrumb\"},\"inLanguage\":\"fi\",\"potentialAction\":[{\"@type\":\"ReadAction\",\"target\":[\"https:\/\/kumex.ee\/fi\/yritys\/\"]}]},{\"@type\":\"ImageObject\",\"inLanguage\":\"fi\",\"@id\":\"https:\/\/kumex.ee\/fi\/yritys\/#primaryimage\",\"url\":\"https:\/\/kumex.ee\/wp-content\/uploads\/inner-right-1024x942.png\",\"contentUrl\":\"https:\/\/kumex.ee\/wp-content\/uploads\/inner-right-1024x942.png\"},{\"@type\":\"WebSite\",\"@id\":\"https:\/\/kumex.ee\/fi\/#website\",\"url\":\"https:\/\/kumex.ee\/fi\/\",\"name\":\"Kumex\",\"description\":\"Kumex\",\"publisher\":{\"@id\":\"https:\/\/kumex.ee\/fi\/#organization\"},\"potentialAction\":[{\"@type\":\"SearchAction\",\"target\":{\"@type\":\"EntryPoint\",\"urlTemplate\":\"https:\/\/kumex.ee\/fi\/?s={search_term_string}\"},\"query-input\":{\"@type\":\"PropertyValueSpecification\",\"valueRequired\":true,\"valueName\":\"search_term_string\"}}],\"inLanguage\":\"fi\"},{\"@type\":\"Organization\",\"@id\":\"https:\/\/kumex.ee\/fi\/#organization\",\"name\":\"Kumex\",\"url\":\"https:\/\/kumex.ee\/fi\/\",\"logo\":{\"@type\":\"ImageObject\",\"inLanguage\":\"fi\",\"@id\":\"https:\/\/kumex.ee\/fi\/#\/schema\/logo\/image\/\",\"url\":\"https:\/\/kumex.ee\/wp-content\/uploads\/2021\/03\/logo.png\",\"contentUrl\":\"https:\/\/kumex.ee\/wp-content\/uploads\/2021\/03\/logo.png\",\"width\":608,\"height\":168,\"caption\":\"Kumex\"},\"image\":{\"@id\":\"https:\/\/kumex.ee\/fi\/#\/schema\/logo\/image\/\"}}]}<\/script>\n<!-- \/ Yoast SEO plugin. -->","yoast_head_json":{"title":"Yritys - Kumex","robots":{"index":"index","follow":"follow","max-snippet":"max-snippet:-1","max-image-preview":"max-image-preview:large","max-video-preview":"max-video-preview:-1"},"canonical":"https:\/\/kumex.ee\/fi\/yritys\/","og_locale":"fi_FI","og_type":"article","og_title":"Yritys - Kumex","og_description":"YRITYS Kumex sai alkunsa vuonna 2013. Ennen sit\u00e4 toimimme vuosia teollisuus- ja materiaalialalla, jossa saimme hy\u00f6dyllisi\u00e4 kokemuksia sek\u00e4 alan osto- ett\u00e4 myyntipuolelta. Vuosien aikana meille kehittyi hyvin selke\u00e4 k\u00e4sitys siit\u00e4, millainen teknisi\u00e4 materiaaleja tarjoavan yrityksen tulee olla \u2013 asiakkaalle on taattava laadukas tuote sek\u00e4 nopea ja k\u00e4tev\u00e4 toimitus miellytt\u00e4v\u00e4\u00e4 asiakaspalvelua unohtamatta. Juuri n\u00e4m\u00e4 arvot huomioon [&hellip;]","og_url":"https:\/\/kumex.ee\/fi\/yritys\/","og_site_name":"Kumex","article_modified_time":"2024-01-29T11:18:11+00:00","og_image":[{"url":"https:\/\/kumex.ee\/wp-content\/uploads\/inner-right-1024x942.png","type":"","width":"","height":""}],"twitter_card":"summary_large_image","twitter_misc":{"Arvioitu lukuaika":"7 minuuttia"},"schema":{"@context":"https:\/\/schema.org","@graph":[{"@type":"WebPage","@id":"https:\/\/kumex.ee\/fi\/yritys\/","url":"https:\/\/kumex.ee\/fi\/yritys\/","name":"Yritys - Kumex","isPartOf":{"@id":"https:\/\/kumex.ee\/fi\/#website"},"primaryImageOfPage":{"@id":"https:\/\/kumex.ee\/fi\/yritys\/#primaryimage"},"image":{"@id":"https:\/\/kumex.ee\/fi\/yritys\/#primaryimage"},"thumbnailUrl":"https:\/\/kumex.ee\/wp-content\/uploads\/inner-right-1024x942.png","datePublished":"2021-03-03T12:58:11+00:00","dateModified":"2024-01-29T11:18:11+00:00","breadcrumb":{"@id":"https:\/\/kumex.ee\/fi\/yritys\/#breadcrumb"},"inLanguage":"fi","potentialAction":[{"@type":"ReadAction","target":["https:\/\/kumex.ee\/fi\/yritys\/"]}]},{"@type":"ImageObject","inLanguage":"fi","@id":"https:\/\/kumex.ee\/fi\/yritys\/#primaryimage","url":"https:\/\/kumex.ee\/wp-content\/uploads\/inner-right-1024x942.png","contentUrl":"https:\/\/kumex.ee\/wp-content\/uploads\/inner-right-1024x942.png"},{"@type":"WebSite","@id":"https:\/\/kumex.ee\/fi\/#website","url":"https:\/\/kumex.ee\/fi\/","name":"Kumex","description":"Kumex","publisher":{"@id":"https:\/\/kumex.ee\/fi\/#organization"},"potentialAction":[{"@type":"SearchAction","target":{"@type":"EntryPoint","urlTemplate":"https:\/\/kumex.ee\/fi\/?s={search_term_string}"},"query-input":{"@type":"PropertyValueSpecification","valueRequired":true,"valueName":"search_term_string"}}],"inLanguage":"fi"},{"@type":"Organization","@id":"https:\/\/kumex.ee\/fi\/#organization","name":"Kumex","url":"https:\/\/kumex.ee\/fi\/","logo":{"@type":"ImageObject","inLanguage":"fi","@id":"https:\/\/kumex.ee\/fi\/#\/schema\/logo\/image\/","url":"https:\/\/kumex.ee\/wp-content\/uploads\/2021\/03\/logo.png","contentUrl":"https:\/\/kumex.ee\/wp-content\/uploads\/2021\/03\/logo.png","width":608,"height":168,"caption":"Kumex"},"image":{"@id":"https:\/\/kumex.ee\/fi\/#\/schema\/logo\/image\/"}}]}},"_links":{"self":[{"href":"https:\/\/kumex.ee\/fi\/wp-json\/wp\/v2\/pages\/3714","targetHints":{"allow":["GET"]}}],"collection":[{"href":"https:\/\/kumex.ee\/fi\/wp-json\/wp\/v2\/pages"}],"about":[{"href":"https:\/\/kumex.ee\/fi\/wp-json\/wp\/v2\/types\/page"}],"author":[{"embeddable":true,"href":"https:\/\/kumex.ee\/fi\/wp-json\/wp\/v2\/users\/4"}],"replies":[{"embeddable":true,"href":"https:\/\/kumex.ee\/fi\/wp-json\/wp\/v2\/comments?post=3714"}],"version-history":[{"count":7,"href":"https:\/\/kumex.ee\/fi\/wp-json\/wp\/v2\/pages\/3714\/revisions"}],"predecessor-version":[{"id":5356,"href":"https:\/\/kumex.ee\/fi\/wp-json\/wp\/v2\/pages\/3714\/revisions\/5356"}],"wp:attachment":[{"href":"https:\/\/kumex.ee\/fi\/wp-json\/wp\/v2\/media?parent=3714"}],"curies":[{"name":"wp","href":"https:\/\/api.w.org\/{rel}","templated":true}]}}