{"id":3720,"date":"2021-03-03T14:29:30","date_gmt":"2021-03-03T12:29:30","guid":{"rendered":"https:\/\/kumex.ee\/kontakt\/"},"modified":"2023-09-05T11:09:11","modified_gmt":"2023-09-05T08:09:11","slug":"yhteystiedot","status":"publish","type":"page","link":"https:\/\/kumex.ee\/fi\/yhteystiedot\/","title":{"rendered":"Yhteystiedot"},"content":{"rendered":"\t\t<div data-elementor-type=\"wp-page\" data-elementor-id=\"3720\" class=\"elementor elementor-3720 elementor-302\" data-elementor-post-type=\"page\">\n\t\t\t\t\t\t<section class=\"elementor-section elementor-top-section elementor-element elementor-element-91a1765 elementor-section-full_width elementor-section-height-default elementor-section-height-default\" data-id=\"91a1765\" data-element_type=\"section\" data-e-type=\"section\">\n\t\t\t\t\t\t<div class=\"elementor-container elementor-column-gap-no\">\n\t\t\t\t\t<div class=\"elementor-column elementor-col-100 elementor-top-column elementor-element elementor-element-08f550c\" data-id=\"08f550c\" data-element_type=\"column\" data-e-type=\"column\">\n\t\t\t<div class=\"elementor-widget-wrap elementor-element-populated\">\n\t\t\t\t\t\t<div class=\"elementor-element elementor-element-9ec503b elementor-absolute elementor-widget elementor-widget-image\" data-id=\"9ec503b\" data-element_type=\"widget\" data-e-type=\"widget\" data-settings=\"{&quot;_position&quot;:&quot;absolute&quot;}\" data-widget_type=\"image.default\">\n\t\t\t\t<div class=\"elementor-widget-container\">\n\t\t\t\t\t\t\t\t\t\t\t\t\t\t\t<img fetchpriority=\"high\" decoding=\"async\" width=\"863\" height=\"1562\" src=\"https:\/\/kumex.ee\/wp-content\/uploads\/right-ellipse.png\" class=\"attachment-full size-full wp-image-1610\" alt=\"\" srcset=\"https:\/\/kumex.ee\/wp-content\/uploads\/right-ellipse.png 863w, https:\/\/kumex.ee\/wp-content\/uploads\/right-ellipse-166x300.png 166w, https:\/\/kumex.ee\/wp-content\/uploads\/right-ellipse-566x1024.png 566w, https:\/\/kumex.ee\/wp-content\/uploads\/right-ellipse-768x1390.png 768w, https:\/\/kumex.ee\/wp-content\/uploads\/right-ellipse-849x1536.png 849w\" sizes=\"(max-width: 863px) 100vw, 863px\" \/>\t\t\t\t\t\t\t\t\t\t\t\t\t\t\t<\/div>\n\t\t\t\t<\/div>\n\t\t\t\t\t<\/div>\n\t\t<\/div>\n\t\t\t\t\t<\/div>\n\t\t<\/section>\n\t\t\t\t<section class=\"elementor-section elementor-top-section elementor-element elementor-element-3479620 elementor-section-boxed elementor-section-height-default elementor-section-height-default\" data-id=\"3479620\" data-element_type=\"section\" data-e-type=\"section\">\n\t\t\t\t\t\t<div class=\"elementor-container elementor-column-gap-default\">\n\t\t\t\t\t<div class=\"elementor-column elementor-col-50 elementor-top-column elementor-element elementor-element-7fd8e51\" data-id=\"7fd8e51\" data-element_type=\"column\" data-e-type=\"column\">\n\t\t\t<div class=\"elementor-widget-wrap elementor-element-populated\">\n\t\t\t\t\t\t<div class=\"elementor-element elementor-element-532a947 elementor-widget elementor-widget-heading\" data-id=\"532a947\" data-element_type=\"widget\" data-e-type=\"widget\" data-widget_type=\"heading.default\">\n\t\t\t\t<div class=\"elementor-widget-container\">\n\t\t\t\t\t<h2 class=\"elementor-heading-title elementor-size-default\">Ota yhteytt\u00e4<\/h2>\t\t\t\t<\/div>\n\t\t\t\t<\/div>\n\t\t\t\t<div class=\"elementor-element elementor-element-d7118fe contact-form elementor-widget elementor-widget-shortcode\" data-id=\"d7118fe\" data-element_type=\"widget\" data-e-type=\"widget\" data-widget_type=\"shortcode.default\">\n\t\t\t\t<div class=\"elementor-widget-container\">\n\t\t\t\t\t\t\t<div class=\"elementor-shortcode\">\n<div class=\"wpcf7 no-js\" id=\"wpcf7-f3727-o1\" lang=\"et\" dir=\"ltr\" data-wpcf7-id=\"3727\">\n<div class=\"screen-reader-response\"><p role=\"status\" aria-live=\"polite\" aria-atomic=\"true\"><\/p> <ul><\/ul><\/div>\n<form action=\"\/fi\/wp-json\/wp\/v2\/pages\/3720#wpcf7-f3727-o1\" method=\"post\" class=\"wpcf7-form init\" aria-label=\"Contact form\" enctype=\"multipart\/form-data\" novalidate=\"novalidate\" data-status=\"init\">\n<fieldset class=\"hidden-fields-container\"><input type=\"hidden\" name=\"_wpcf7\" value=\"3727\" \/><input type=\"hidden\" name=\"_wpcf7_version\" value=\"6.1.5\" \/><input type=\"hidden\" name=\"_wpcf7_locale\" value=\"et\" \/><input type=\"hidden\" name=\"_wpcf7_unit_tag\" value=\"wpcf7-f3727-o1\" \/><input type=\"hidden\" name=\"_wpcf7_container_post\" value=\"0\" \/><input type=\"hidden\" name=\"_wpcf7_posted_data_hash\" value=\"\" \/>\n<\/fieldset>\n<p><span class=\"wpcf7-form-control-wrap\" data-name=\"kontaktisik\"><input size=\"40\" maxlength=\"400\" class=\"wpcf7-form-control wpcf7-text wpcf7-validates-as-required\" aria-required=\"true\" aria-invalid=\"false\" placeholder=\"Yhteyshenkil\u00f6:\" value=\"\" type=\"text\" name=\"kontaktisik\" \/><\/span>\n<\/p>\n<p><span class=\"wpcf7-form-control-wrap\" data-name=\"firma\"><input size=\"40\" maxlength=\"400\" class=\"wpcf7-form-control wpcf7-text wpcf7-validates-as-required\" aria-required=\"true\" aria-invalid=\"false\" placeholder=\"Yritys:\" value=\"\" type=\"text\" name=\"firma\" \/><\/span>\n<\/p>\n<p><span class=\"wpcf7-form-control-wrap\" data-name=\"E-mail\"><input size=\"40\" maxlength=\"400\" class=\"wpcf7-form-control wpcf7-email wpcf7-validates-as-required wpcf7-text wpcf7-validates-as-email\" aria-required=\"true\" aria-invalid=\"false\" placeholder=\"S\u00e4hk\u00f6postiosoite:\" value=\"\" type=\"email\" name=\"E-mail\" \/><\/span>\n<\/p>\n<p><span class=\"wpcf7-form-control-wrap\" data-name=\"telefon\"><input size=\"40\" maxlength=\"400\" class=\"wpcf7-form-control wpcf7-tel wpcf7-validates-as-required wpcf7-text wpcf7-validates-as-tel\" aria-required=\"true\" aria-invalid=\"false\" placeholder=\"Puhelinnumero:\" value=\"\" type=\"tel\" name=\"telefon\" \/><\/span>\n<\/p>\n<p><span class=\"wpcf7-form-control-wrap\" data-name=\"toote\"><input size=\"40\" maxlength=\"400\" class=\"wpcf7-form-control wpcf7-text wpcf7-validates-as-required\" aria-required=\"true\" aria-invalid=\"false\" placeholder=\"Tuotteen nimi:\" value=\"\" type=\"text\" name=\"toote\" \/><\/span>\n<\/p>\n<p><span class=\"wpcf7-form-control-wrap\" data-name=\"Lisainfo\"><textarea cols=\"40\" rows=\"10\" maxlength=\"2000\" class=\"wpcf7-form-control wpcf7-textarea wpcf7-validates-as-required\" aria-required=\"true\" aria-invalid=\"false\" placeholder=\"Lis\u00e4informaatio:\" name=\"Lisainfo\"><\/textarea><\/span>\n<\/p>\n<p><span class=\"wpcf7-form-control-wrap\" data-name=\"file-112\"><input size=\"40\" class=\"wpcf7-form-control wpcf7-file\" accept=\"audio\/*,video\/*,image\/*\" aria-invalid=\"false\" type=\"file\" name=\"file-112\" \/><\/span>\n<\/p>\n<p style=\"text-align: center; margin-top: 50px;\"><input class=\"wpcf7-form-control wpcf7-submit has-spinner\" type=\"submit\" value=\"L\u00e4hett\u00e4\u00e4\" \/>\n<\/p><div class=\"wpcf7-response-output\" aria-hidden=\"true\"><\/div>\n<\/form>\n<\/div>\n<\/div>\n\t\t\t\t\t\t<\/div>\n\t\t\t\t<\/div>\n\t\t\t\t\t<\/div>\n\t\t<\/div>\n\t\t\t\t<div class=\"elementor-column elementor-col-50 elementor-top-column elementor-element elementor-element-e4f4de7\" data-id=\"e4f4de7\" data-element_type=\"column\" data-e-type=\"column\">\n\t\t\t<div class=\"elementor-widget-wrap elementor-element-populated\">\n\t\t\t\t\t\t<div class=\"elementor-element elementor-element-bdfd356 elementor-widget elementor-widget-heading\" data-id=\"bdfd356\" data-element_type=\"widget\" data-e-type=\"widget\" data-widget_type=\"heading.default\">\n\t\t\t\t<div class=\"elementor-widget-container\">\n\t\t\t\t\t<h3 class=\"elementor-heading-title elementor-size-default\">Olemme oman alamme asiantuntijoita. Jos jotain j\u00e4\u00e4 ep\u00e4selv\u00e4ksi tai tarvitsee tarkentamista, <span class=\"text-green\">niin ota meihin yhteytt\u00e4!<\/span><\/h3>\t\t\t\t<\/div>\n\t\t\t\t<\/div>\n\t\t\t\t\t<\/div>\n\t\t<\/div>\n\t\t\t\t\t<\/div>\n\t\t<\/section>\n\t\t\t\t<section class=\"elementor-section elementor-top-section elementor-element elementor-element-601f9d8 elementor-section-full_width elementor-section-height-default elementor-section-height-default\" data-id=\"601f9d8\" data-element_type=\"section\" data-e-type=\"section\">\n\t\t\t\t\t\t<div class=\"elementor-container elementor-column-gap-no\">\n\t\t\t\t\t<div class=\"elementor-column elementor-col-50 elementor-top-column elementor-element elementor-element-e2e6782\" data-id=\"e2e6782\" data-element_type=\"column\" data-e-type=\"column\">\n\t\t\t<div class=\"elementor-widget-wrap elementor-element-populated\">\n\t\t\t\t\t\t<div class=\"elementor-element elementor-element-176ca26 elementor-widget elementor-widget-google_maps\" data-id=\"176ca26\" data-element_type=\"widget\" data-e-type=\"widget\" data-widget_type=\"google_maps.default\">\n\t\t\t\t<div class=\"elementor-widget-container\">\n\t\t\t\t\t\t\t<div class=\"elementor-custom-embed\">\n\t\t\t<iframe loading=\"lazy\"\n\t\t\t\t\tsrc=\"https:\/\/maps.google.com\/maps?q=Kumex%20O%C3%9C%2C%20H%C3%A4rgm%C3%A4e%2024%2011625%20Tallinn&#038;t=m&#038;z=16&#038;output=embed&#038;iwloc=near\"\n\t\t\t\t\ttitle=\"Kumex O\u00dc, H\u00e4rgm\u00e4e 24 11625 Tallinn\"\n\t\t\t\t\taria-label=\"Kumex O\u00dc, H\u00e4rgm\u00e4e 24 11625 Tallinn\"\n\t\t\t><\/iframe>\n\t\t<\/div>\n\t\t\t\t\t\t<\/div>\n\t\t\t\t<\/div>\n\t\t\t\t\t<\/div>\n\t\t<\/div>\n\t\t\t\t<div class=\"elementor-column elementor-col-50 elementor-top-column elementor-element elementor-element-b6c693c elementor-hidden-tablet elementor-hidden-phone\" data-id=\"b6c693c\" data-element_type=\"column\" data-e-type=\"column\">\n\t\t\t<div class=\"elementor-widget-wrap elementor-element-populated\">\n\t\t\t\t\t\t<div class=\"elementor-element elementor-element-ad861c6 elementor-widget elementor-widget-text-editor\" data-id=\"ad861c6\" data-element_type=\"widget\" data-e-type=\"widget\" data-widget_type=\"text-editor.default\">\n\t\t\t\t<div class=\"elementor-widget-container\">\n\t\t\t\t\t\t\t\t\t<p><strong>Kumex O\u00dc<\/strong><\/p>\t\t\t\t\t\t\t\t<\/div>\n\t\t\t\t<\/div>\n\t\t\t\t<section class=\"elementor-section elementor-inner-section elementor-element elementor-element-c875ba8 elementor-section-boxed elementor-section-height-default elementor-section-height-default\" data-id=\"c875ba8\" data-element_type=\"section\" data-e-type=\"section\">\n\t\t\t\t\t\t<div class=\"elementor-container elementor-column-gap-no\">\n\t\t\t\t\t<div class=\"elementor-column elementor-col-50 elementor-inner-column elementor-element elementor-element-e9ec67c\" data-id=\"e9ec67c\" data-element_type=\"column\" data-e-type=\"column\">\n\t\t\t<div class=\"elementor-widget-wrap elementor-element-populated\">\n\t\t\t\t\t\t<div class=\"elementor-element elementor-element-fc82e65 elementor-widget elementor-widget-text-editor\" data-id=\"fc82e65\" data-element_type=\"widget\" data-e-type=\"widget\" data-widget_type=\"text-editor.default\">\n\t\t\t\t<div class=\"elementor-widget-container\">\n\t\t\t\t\t\t\t\t\t<p>Rekisteritunnus: 12440558<br \/>ALV-numero: EE101621359<br \/>H\u00e4rgm\u00e4e 24 boks 6 <br \/>11625 Tallinn, Viro<\/p><p><b>Tapaaminen toimistolla tilauksesta<\/b><\/p><p><strong>+372 604 9314<\/strong><br \/><strong>Info@kumex.ee<\/strong><\/p><p>Arkisin: <strong>09:00 &#8211; 16:00<\/strong><br \/>Lauantai, Sunnuntai: <strong>SULJETTU<\/strong><\/p><p>\u00a0<\/p>\t\t\t\t\t\t\t\t<\/div>\n\t\t\t\t<\/div>\n\t\t\t\t\t<\/div>\n\t\t<\/div>\n\t\t\t\t<div class=\"elementor-column elementor-col-50 elementor-inner-column elementor-element elementor-element-d608288\" data-id=\"d608288\" data-element_type=\"column\" data-e-type=\"column\">\n\t\t\t<div class=\"elementor-widget-wrap elementor-element-populated\">\n\t\t\t\t\t\t<div class=\"elementor-element elementor-element-3f0d5b3 elementor-widget elementor-widget-text-editor\" data-id=\"3f0d5b3\" data-element_type=\"widget\" data-e-type=\"widget\" data-widget_type=\"text-editor.default\">\n\t\t\t\t<div class=\"elementor-widget-container\">\n\t\t\t\t\t\t\t\t\t<p><span style=\"font-weight: bolder; font-family: Nunito, sans-serif; letter-spacing: 1px;\">Kristo Koppel<\/span><\/p><p><span style=\"font-family: Nunito, sans-serif; letter-spacing: 1px;\">+372&nbsp;524 6774<\/span><\/p><p><span style=\"font-family: Nunito, sans-serif; letter-spacing: 1px;\">kristo@kumex.ee<\/span><\/p>\t\t\t\t\t\t\t\t<\/div>\n\t\t\t\t<\/div>\n\t\t\t\t<div class=\"elementor-element elementor-element-0d4dd53 elementor-widget elementor-widget-text-editor\" data-id=\"0d4dd53\" data-element_type=\"widget\" data-e-type=\"widget\" data-widget_type=\"text-editor.default\">\n\t\t\t\t<div class=\"elementor-widget-container\">\n\t\t\t\t\t\t\t\t\t<p><strong>Peeter Taalim\u00e4e<\/strong><br \/>+372\u00a0501 1744<br \/>peeter@kumex.ee<\/p>\t\t\t\t\t\t\t\t<\/div>\n\t\t\t\t<\/div>\n\t\t\t\t<div class=\"elementor-element elementor-element-78a3af4 elementor-widget elementor-widget-text-editor\" data-id=\"78a3af4\" data-element_type=\"widget\" data-e-type=\"widget\" data-widget_type=\"text-editor.default\">\n\t\t\t\t<div class=\"elementor-widget-container\">\n\t\t\t\t\t\t\t\t\t<p><strong>Simmo S\u00f5ber<\/strong><br \/>+372\u00a0534 42402<br \/>simmo@kumex.ee<\/p>\t\t\t\t\t\t\t\t<\/div>\n\t\t\t\t<\/div>\n\t\t\t\t\t<\/div>\n\t\t<\/div>\n\t\t\t\t\t<\/div>\n\t\t<\/section>\n\t\t\t\t\t<\/div>\n\t\t<\/div>\n\t\t\t\t\t<\/div>\n\t\t<\/section>\n\t\t\t\t<section class=\"elementor-section elementor-top-section elementor-element elementor-element-0619ab2 elementor-section-full_width elementor-hidden-tablet elementor-hidden-phone elementor-section-height-min-height elementor-section-height-default elementor-section-items-middle\" data-id=\"0619ab2\" data-element_type=\"section\" data-e-type=\"section\" data-settings=\"{&quot;background_background&quot;:&quot;classic&quot;}\">\n\t\t\t\t\t\t<div class=\"elementor-container elementor-column-gap-no\">\n\t\t\t\t\t<div class=\"elementor-column elementor-col-100 elementor-top-column elementor-element elementor-element-42c4391\" data-id=\"42c4391\" data-element_type=\"column\" data-e-type=\"column\">\n\t\t\t<div class=\"elementor-widget-wrap\">\n\t\t\t\t\t\t\t<\/div>\n\t\t<\/div>\n\t\t\t\t\t<\/div>\n\t\t<\/section>\n\t\t\t\t<\/div>\n\t\t","protected":false},"excerpt":{"rendered":"<p>Ota yhteytt\u00e4 Olemme oman alamme asiantuntijoita. Jos jotain j\u00e4\u00e4 ep\u00e4selv\u00e4ksi tai tarvitsee tarkentamista, niin ota meihin yhteytt\u00e4! Kumex O\u00dc Rekisteritunnus: 12440558ALV-numero: EE101621359H\u00e4rgm\u00e4e 24 boks 6 11625 Tallinn, Viro Tapaaminen toimistolla tilauksesta +372 604 9314Info@kumex.ee Arkisin: 09:00 &#8211; 16:00Lauantai, Sunnuntai: SULJETTU \u00a0 Kristo Koppel +372&nbsp;524 6774 kristo@kumex.ee Peeter Taalim\u00e4e+372\u00a0501 1744peeter@kumex.ee Simmo S\u00f5ber+372\u00a0534 42402simmo@kumex.ee<\/p>\n","protected":false},"author":4,"featured_media":0,"parent":0,"menu_order":0,"comment_status":"closed","ping_status":"closed","template":"","meta":{"_acf_changed":false,"footnotes":""},"class_list":["post-3720","page","type-page","status-publish","hentry"],"acf":[],"yoast_head":"<!-- This site is optimized with the Yoast SEO plugin v27.2 - https:\/\/yoast.com\/product\/yoast-seo-wordpress\/ -->\n<title>Yhteystiedot - Kumex<\/title>\n<meta name=\"robots\" content=\"index, follow, max-snippet:-1, max-image-preview:large, max-video-preview:-1\" \/>\n<link rel=\"canonical\" href=\"https:\/\/kumex.ee\/fi\/yhteystiedot\/\" \/>\n<meta property=\"og:locale\" content=\"fi_FI\" \/>\n<meta property=\"og:type\" content=\"article\" \/>\n<meta property=\"og:title\" content=\"Yhteystiedot - Kumex\" \/>\n<meta property=\"og:description\" content=\"Ota yhteytt\u00e4 Olemme oman alamme asiantuntijoita. Jos jotain j\u00e4\u00e4 ep\u00e4selv\u00e4ksi tai tarvitsee tarkentamista, niin ota meihin yhteytt\u00e4! Kumex O\u00dc Rekisteritunnus: 12440558ALV-numero: EE101621359H\u00e4rgm\u00e4e 24 boks 6 11625 Tallinn, Viro Tapaaminen toimistolla tilauksesta +372 604 9314Info@kumex.ee Arkisin: 09:00 &#8211; 16:00Lauantai, Sunnuntai: SULJETTU \u00a0 Kristo Koppel +372&nbsp;524 6774 kristo@kumex.ee Peeter Taalim\u00e4e+372\u00a0501 1744peeter@kumex.ee Simmo S\u00f5ber+372\u00a0534 42402simmo@kumex.ee\" \/>\n<meta property=\"og:url\" content=\"https:\/\/kumex.ee\/fi\/yhteystiedot\/\" \/>\n<meta property=\"og:site_name\" content=\"Kumex\" \/>\n<meta property=\"article:modified_time\" content=\"2023-09-05T08:09:11+00:00\" \/>\n<meta property=\"og:image\" content=\"https:\/\/kumex.ee\/wp-content\/uploads\/right-ellipse.png\" \/>\n<meta name=\"twitter:card\" content=\"summary_large_image\" \/>\n<meta name=\"twitter:label1\" content=\"Arvioitu lukuaika\" \/>\n\t<meta name=\"twitter:data1\" content=\"1 minuutti\" \/>\n<script type=\"application\/ld+json\" class=\"yoast-schema-graph\">{\"@context\":\"https:\/\/schema.org\",\"@graph\":[{\"@type\":\"WebPage\",\"@id\":\"https:\/\/kumex.ee\/fi\/yhteystiedot\/\",\"url\":\"https:\/\/kumex.ee\/fi\/yhteystiedot\/\",\"name\":\"Yhteystiedot - Kumex\",\"isPartOf\":{\"@id\":\"https:\/\/kumex.ee\/fi\/#website\"},\"primaryImageOfPage\":{\"@id\":\"https:\/\/kumex.ee\/fi\/yhteystiedot\/#primaryimage\"},\"image\":{\"@id\":\"https:\/\/kumex.ee\/fi\/yhteystiedot\/#primaryimage\"},\"thumbnailUrl\":\"https:\/\/kumex.ee\/wp-content\/uploads\/right-ellipse.png\",\"datePublished\":\"2021-03-03T12:29:30+00:00\",\"dateModified\":\"2023-09-05T08:09:11+00:00\",\"breadcrumb\":{\"@id\":\"https:\/\/kumex.ee\/fi\/yhteystiedot\/#breadcrumb\"},\"inLanguage\":\"fi\",\"potentialAction\":[{\"@type\":\"ReadAction\",\"target\":[\"https:\/\/kumex.ee\/fi\/yhteystiedot\/\"]}]},{\"@type\":\"ImageObject\",\"inLanguage\":\"fi\",\"@id\":\"https:\/\/kumex.ee\/fi\/yhteystiedot\/#primaryimage\",\"url\":\"https:\/\/kumex.ee\/wp-content\/uploads\/right-ellipse.png\",\"contentUrl\":\"https:\/\/kumex.ee\/wp-content\/uploads\/right-ellipse.png\"},{\"@type\":\"WebSite\",\"@id\":\"https:\/\/kumex.ee\/fi\/#website\",\"url\":\"https:\/\/kumex.ee\/fi\/\",\"name\":\"Kumex\",\"description\":\"Kumex\",\"publisher\":{\"@id\":\"https:\/\/kumex.ee\/fi\/#organization\"},\"potentialAction\":[{\"@type\":\"SearchAction\",\"target\":{\"@type\":\"EntryPoint\",\"urlTemplate\":\"https:\/\/kumex.ee\/fi\/?s={search_term_string}\"},\"query-input\":{\"@type\":\"PropertyValueSpecification\",\"valueRequired\":true,\"valueName\":\"search_term_string\"}}],\"inLanguage\":\"fi\"},{\"@type\":\"Organization\",\"@id\":\"https:\/\/kumex.ee\/fi\/#organization\",\"name\":\"Kumex\",\"url\":\"https:\/\/kumex.ee\/fi\/\",\"logo\":{\"@type\":\"ImageObject\",\"inLanguage\":\"fi\",\"@id\":\"https:\/\/kumex.ee\/fi\/#\/schema\/logo\/image\/\",\"url\":\"https:\/\/kumex.ee\/wp-content\/uploads\/2021\/03\/logo.png\",\"contentUrl\":\"https:\/\/kumex.ee\/wp-content\/uploads\/2021\/03\/logo.png\",\"width\":608,\"height\":168,\"caption\":\"Kumex\"},\"image\":{\"@id\":\"https:\/\/kumex.ee\/fi\/#\/schema\/logo\/image\/\"}}]}<\/script>\n<!-- \/ Yoast SEO plugin. -->","yoast_head_json":{"title":"Yhteystiedot - Kumex","robots":{"index":"index","follow":"follow","max-snippet":"max-snippet:-1","max-image-preview":"max-image-preview:large","max-video-preview":"max-video-preview:-1"},"canonical":"https:\/\/kumex.ee\/fi\/yhteystiedot\/","og_locale":"fi_FI","og_type":"article","og_title":"Yhteystiedot - Kumex","og_description":"Ota yhteytt\u00e4 Olemme oman alamme asiantuntijoita. Jos jotain j\u00e4\u00e4 ep\u00e4selv\u00e4ksi tai tarvitsee tarkentamista, niin ota meihin yhteytt\u00e4! Kumex O\u00dc Rekisteritunnus: 12440558ALV-numero: EE101621359H\u00e4rgm\u00e4e 24 boks 6 11625 Tallinn, Viro Tapaaminen toimistolla tilauksesta +372 604 9314Info@kumex.ee Arkisin: 09:00 &#8211; 16:00Lauantai, Sunnuntai: SULJETTU \u00a0 Kristo Koppel +372&nbsp;524 6774 kristo@kumex.ee Peeter Taalim\u00e4e+372\u00a0501 1744peeter@kumex.ee Simmo S\u00f5ber+372\u00a0534 42402simmo@kumex.ee","og_url":"https:\/\/kumex.ee\/fi\/yhteystiedot\/","og_site_name":"Kumex","article_modified_time":"2023-09-05T08:09:11+00:00","og_image":[{"url":"https:\/\/kumex.ee\/wp-content\/uploads\/right-ellipse.png","type":"","width":"","height":""}],"twitter_card":"summary_large_image","twitter_misc":{"Arvioitu lukuaika":"1 minuutti"},"schema":{"@context":"https:\/\/schema.org","@graph":[{"@type":"WebPage","@id":"https:\/\/kumex.ee\/fi\/yhteystiedot\/","url":"https:\/\/kumex.ee\/fi\/yhteystiedot\/","name":"Yhteystiedot - Kumex","isPartOf":{"@id":"https:\/\/kumex.ee\/fi\/#website"},"primaryImageOfPage":{"@id":"https:\/\/kumex.ee\/fi\/yhteystiedot\/#primaryimage"},"image":{"@id":"https:\/\/kumex.ee\/fi\/yhteystiedot\/#primaryimage"},"thumbnailUrl":"https:\/\/kumex.ee\/wp-content\/uploads\/right-ellipse.png","datePublished":"2021-03-03T12:29:30+00:00","dateModified":"2023-09-05T08:09:11+00:00","breadcrumb":{"@id":"https:\/\/kumex.ee\/fi\/yhteystiedot\/#breadcrumb"},"inLanguage":"fi","potentialAction":[{"@type":"ReadAction","target":["https:\/\/kumex.ee\/fi\/yhteystiedot\/"]}]},{"@type":"ImageObject","inLanguage":"fi","@id":"https:\/\/kumex.ee\/fi\/yhteystiedot\/#primaryimage","url":"https:\/\/kumex.ee\/wp-content\/uploads\/right-ellipse.png","contentUrl":"https:\/\/kumex.ee\/wp-content\/uploads\/right-ellipse.png"},{"@type":"WebSite","@id":"https:\/\/kumex.ee\/fi\/#website","url":"https:\/\/kumex.ee\/fi\/","name":"Kumex","description":"Kumex","publisher":{"@id":"https:\/\/kumex.ee\/fi\/#organization"},"potentialAction":[{"@type":"SearchAction","target":{"@type":"EntryPoint","urlTemplate":"https:\/\/kumex.ee\/fi\/?s={search_term_string}"},"query-input":{"@type":"PropertyValueSpecification","valueRequired":true,"valueName":"search_term_string"}}],"inLanguage":"fi"},{"@type":"Organization","@id":"https:\/\/kumex.ee\/fi\/#organization","name":"Kumex","url":"https:\/\/kumex.ee\/fi\/","logo":{"@type":"ImageObject","inLanguage":"fi","@id":"https:\/\/kumex.ee\/fi\/#\/schema\/logo\/image\/","url":"https:\/\/kumex.ee\/wp-content\/uploads\/2021\/03\/logo.png","contentUrl":"https:\/\/kumex.ee\/wp-content\/uploads\/2021\/03\/logo.png","width":608,"height":168,"caption":"Kumex"},"image":{"@id":"https:\/\/kumex.ee\/fi\/#\/schema\/logo\/image\/"}}]}},"_links":{"self":[{"href":"https:\/\/kumex.ee\/fi\/wp-json\/wp\/v2\/pages\/3720","targetHints":{"allow":["GET"]}}],"collection":[{"href":"https:\/\/kumex.ee\/fi\/wp-json\/wp\/v2\/pages"}],"about":[{"href":"https:\/\/kumex.ee\/fi\/wp-json\/wp\/v2\/types\/page"}],"author":[{"embeddable":true,"href":"https:\/\/kumex.ee\/fi\/wp-json\/wp\/v2\/users\/4"}],"replies":[{"embeddable":true,"href":"https:\/\/kumex.ee\/fi\/wp-json\/wp\/v2\/comments?post=3720"}],"version-history":[{"count":13,"href":"https:\/\/kumex.ee\/fi\/wp-json\/wp\/v2\/pages\/3720\/revisions"}],"predecessor-version":[{"id":5317,"href":"https:\/\/kumex.ee\/fi\/wp-json\/wp\/v2\/pages\/3720\/revisions\/5317"}],"wp:attachment":[{"href":"https:\/\/kumex.ee\/fi\/wp-json\/wp\/v2\/media?parent=3720"}],"curies":[{"name":"wp","href":"https:\/\/api.w.org\/{rel}","templated":true}]}}